{"id":13090,"date":"2026-02-28T01:11:48","date_gmt":"2026-02-28T04:11:48","guid":{"rendered":"https:\/\/dtf.stampado.com\/?post_type=product&#038;p=13090"},"modified":"2026-02-28T03:10:23","modified_gmt":"2026-02-28T06:10:23","slug":"servicio-de-impresion-uv-textil-por-metro","status":"publish","type":"product","link":"https:\/\/dtf.stampado.com\/en\/product\/servicio-de-impresion-uv-textil-por-metro\/","title":{"rendered":"SERVICIO DE IMPRESI\u00d3N UV TEXTIL POR METRO"},"content":{"rendered":"<p>He impreso una gran cantidad de dise\u00f1os para estampar con CALIDAD PREMIUM. Perfecto para logotipos, tama\u00f1os, ilustraciones y fotograf\u00edas en alta resoluci\u00f3n.<\/p>\n<p>Puedes usarlo en una variedad de telas y colores.<\/p>\n<p>PRECIO POR METRO LINEAL<br \/>\nDimensiones de la impresi\u00f3n: 58 cm x 100 cm<br \/>\nSi requieres m\u00e1s de un metro, elige la cantidad que necesites en unidades.<\/p>\n<p>El per\u00edodo de entrega es de 24 a 48 horas, en d\u00edas laborables.<br \/>\nLa duraci\u00f3n de la entrega puede cambiar dependiendo de cu\u00e1ntos metros se impriman.<\/p>\n<p>&nbsp;<\/p>","protected":false},"excerpt":{"rendered":"<p>He impreso una gran cantidad de dise\u00f1os para estampar con CALIDAD PREMIUM. Perfecto para logotipos, tama\u00f1os, ilustraciones y fotograf\u00edas en alta resoluci\u00f3n. Puedes usarlo en una variedad de telas y colores. PRECIO POR METRO LINEAL Dimensiones de la impresi\u00f3n: 58 cm x 100 cm Si requieres m\u00e1s de un metro, elige la cantidad que necesites [&hellip;]<\/p>\n","protected":false},"featured_media":13088,"comment_status":"open","ping_status":"closed","template":"","meta":{"_uag_custom_page_level_css":""},"product_brand":[],"product_cat":[18],"product_tag":[],"class_list":{"0":"post-13090","1":"product","2":"type-product","3":"status-publish","4":"has-post-thumbnail","6":"product_cat-uncategorized","8":"first","9":"instock","10":"shipping-taxable","11":"purchasable","12":"product-type-simple"},"yoast_head":"<!-- This site is optimized with the Yoast SEO plugin v27.1.1 - https:\/\/yoast.com\/product\/yoast-seo-wordpress\/ -->\n<title>SERVICIO DE IMPRESI\u00d3N UV TEXTIL POR METRO - dtf.stampado.com<\/title>\n<meta name=\"robots\" content=\"index, follow, max-snippet:-1, max-image-preview:large, max-video-preview:-1\" \/>\n<link rel=\"canonical\" href=\"https:\/\/dtf.stampado.com\/en\/product\/servicio-de-impresion-uv-textil-por-metro\/\" \/>\n<meta property=\"og:locale\" content=\"en_US\" \/>\n<meta property=\"og:type\" content=\"article\" \/>\n<meta property=\"og:title\" content=\"SERVICIO DE IMPRESI\u00d3N UV TEXTIL POR METRO - dtf.stampado.com\" \/>\n<meta property=\"og:description\" content=\"He impreso una gran cantidad de dise\u00f1os para estampar con CALIDAD PREMIUM. Perfecto para logotipos, tama\u00f1os, ilustraciones y fotograf\u00edas en alta resoluci\u00f3n. Puedes usarlo en una variedad de telas y colores. PRECIO POR METRO LINEAL Dimensiones de la impresi\u00f3n: 58 cm x 100 cm Si requieres m\u00e1s de un metro, elige la cantidad que necesites [&hellip;]\" \/>\n<meta property=\"og:url\" content=\"https:\/\/dtf.stampado.com\/en\/product\/servicio-de-impresion-uv-textil-por-metro\/\" \/>\n<meta property=\"og:site_name\" content=\"dtf.stampado.com\" \/>\n<meta property=\"article:publisher\" content=\"https:\/\/facebook.com\/stampadodtf\" \/>\n<meta property=\"article:modified_time\" content=\"2026-02-28T06:10:23+00:00\" \/>\n<meta property=\"og:image\" content=\"https:\/\/dtf.stampado.com\/wp-content\/uploads\/2026\/02\/ChatGPT-Image-27-feb-2026-11_33_12-p.m.png\" \/>\n\t<meta property=\"og:image:width\" content=\"1024\" \/>\n\t<meta property=\"og:image:height\" content=\"1024\" \/>\n\t<meta property=\"og:image:type\" content=\"image\/png\" \/>\n<meta name=\"twitter:card\" content=\"summary_large_image\" \/>\n<meta name=\"twitter:site\" content=\"@stampadodtf\" \/>\n<meta name=\"twitter:label1\" content=\"Est. reading time\" \/>\n\t<meta name=\"twitter:data1\" content=\"1 minute\" \/>\n<script type=\"application\/ld+json\" class=\"yoast-schema-graph\">{\"@context\":\"https:\/\/schema.org\",\"@graph\":[{\"@type\":\"WebPage\",\"@id\":\"https:\/\/dtf.stampado.com\/product\/servicio-de-impresion-uv-textil-por-metro\/\",\"url\":\"https:\/\/dtf.stampado.com\/product\/servicio-de-impresion-uv-textil-por-metro\/\",\"name\":\"SERVICIO DE IMPRESI\u00d3N UV TEXTIL POR METRO - dtf.stampado.com\",\"isPartOf\":{\"@id\":\"https:\/\/dtf.stampado.com\/#website\"},\"primaryImageOfPage\":{\"@id\":\"https:\/\/dtf.stampado.com\/product\/servicio-de-impresion-uv-textil-por-metro\/#primaryimage\"},\"image\":{\"@id\":\"https:\/\/dtf.stampado.com\/product\/servicio-de-impresion-uv-textil-por-metro\/#primaryimage\"},\"thumbnailUrl\":\"https:\/\/dtf.stampado.com\/wp-content\/uploads\/2026\/02\/ChatGPT-Image-27-feb-2026-11_33_12-p.m.png\",\"datePublished\":\"2026-02-28T04:11:48+00:00\",\"dateModified\":\"2026-02-28T06:10:23+00:00\",\"breadcrumb\":{\"@id\":\"https:\/\/dtf.stampado.com\/product\/servicio-de-impresion-uv-textil-por-metro\/#breadcrumb\"},\"inLanguage\":\"en-US\",\"potentialAction\":[{\"@type\":\"ReadAction\",\"target\":[\"https:\/\/dtf.stampado.com\/product\/servicio-de-impresion-uv-textil-por-metro\/\"]}]},{\"@type\":\"ImageObject\",\"inLanguage\":\"en-US\",\"@id\":\"https:\/\/dtf.stampado.com\/product\/servicio-de-impresion-uv-textil-por-metro\/#primaryimage\",\"url\":\"https:\/\/dtf.stampado.com\/wp-content\/uploads\/2026\/02\/ChatGPT-Image-27-feb-2026-11_33_12-p.m.png\",\"contentUrl\":\"https:\/\/dtf.stampado.com\/wp-content\/uploads\/2026\/02\/ChatGPT-Image-27-feb-2026-11_33_12-p.m.png\",\"width\":1024,\"height\":1024},{\"@type\":\"BreadcrumbList\",\"@id\":\"https:\/\/dtf.stampado.com\/product\/servicio-de-impresion-uv-textil-por-metro\/#breadcrumb\",\"itemListElement\":[{\"@type\":\"ListItem\",\"position\":1,\"name\":\"Inicio\",\"item\":\"https:\/\/dtf.stampado.com\/\"},{\"@type\":\"ListItem\",\"position\":2,\"name\":\"Tienda\",\"item\":\"https:\/\/dtf.stampado.com\/tienda\/\"},{\"@type\":\"ListItem\",\"position\":3,\"name\":\"SERVICIO DE IMPRESI\u00d3N UV TEXTIL POR METRO\"}]},{\"@type\":\"WebSite\",\"@id\":\"https:\/\/dtf.stampado.com\/#website\",\"url\":\"https:\/\/dtf.stampado.com\/\",\"name\":\"Stampado DTF\",\"description\":\"Impresi\u00f3n DTF Ultra HD en Argentina\",\"publisher\":{\"@id\":\"https:\/\/dtf.stampado.com\/#organization\"},\"potentialAction\":[{\"@type\":\"SearchAction\",\"target\":{\"@type\":\"EntryPoint\",\"urlTemplate\":\"https:\/\/dtf.stampado.com\/?s={search_term_string}\"},\"query-input\":{\"@type\":\"PropertyValueSpecification\",\"valueRequired\":true,\"valueName\":\"search_term_string\"}}],\"inLanguage\":\"en-US\"},{\"@type\":\"Organization\",\"@id\":\"https:\/\/dtf.stampado.com\/#organization\",\"name\":\"Stampado DTF\",\"url\":\"https:\/\/dtf.stampado.com\/\",\"logo\":{\"@type\":\"ImageObject\",\"inLanguage\":\"en-US\",\"@id\":\"https:\/\/dtf.stampado.com\/#\/schema\/logo\/image\/\",\"url\":\"https:\/\/dtf.stampado.com\/wp-content\/uploads\/2026\/02\/stampado-DTF-background-scaled.jpg\",\"contentUrl\":\"https:\/\/dtf.stampado.com\/wp-content\/uploads\/2026\/02\/stampado-DTF-background-scaled.jpg\",\"width\":2560,\"height\":2560,\"caption\":\"Stampado DTF\"},\"image\":{\"@id\":\"https:\/\/dtf.stampado.com\/#\/schema\/logo\/image\/\"},\"sameAs\":[\"https:\/\/facebook.com\/stampadodtf\",\"https:\/\/x.com\/stampadodtf\"]}]}<\/script>\n<!-- \/ Yoast SEO plugin. -->","yoast_head_json":{"title":"SERVICIO DE IMPRESI\u00d3N UV TEXTIL POR METRO - dtf.stampado.com","robots":{"index":"index","follow":"follow","max-snippet":"max-snippet:-1","max-image-preview":"max-image-preview:large","max-video-preview":"max-video-preview:-1"},"canonical":"https:\/\/dtf.stampado.com\/en\/product\/servicio-de-impresion-uv-textil-por-metro\/","og_locale":"en_US","og_type":"article","og_title":"SERVICIO DE IMPRESI\u00d3N UV TEXTIL POR METRO - dtf.stampado.com","og_description":"He impreso una gran cantidad de dise\u00f1os para estampar con CALIDAD PREMIUM. Perfecto para logotipos, tama\u00f1os, ilustraciones y fotograf\u00edas en alta resoluci\u00f3n. Puedes usarlo en una variedad de telas y colores. PRECIO POR METRO LINEAL Dimensiones de la impresi\u00f3n: 58 cm x 100 cm Si requieres m\u00e1s de un metro, elige la cantidad que necesites [&hellip;]","og_url":"https:\/\/dtf.stampado.com\/en\/product\/servicio-de-impresion-uv-textil-por-metro\/","og_site_name":"dtf.stampado.com","article_publisher":"https:\/\/facebook.com\/stampadodtf","article_modified_time":"2026-02-28T06:10:23+00:00","og_image":[{"width":1024,"height":1024,"url":"https:\/\/dtf.stampado.com\/wp-content\/uploads\/2026\/02\/ChatGPT-Image-27-feb-2026-11_33_12-p.m.png","type":"image\/png"}],"twitter_card":"summary_large_image","twitter_site":"@stampadodtf","twitter_misc":{"Est. reading time":"1 minute"},"schema":{"@context":"https:\/\/schema.org","@graph":[{"@type":"WebPage","@id":"https:\/\/dtf.stampado.com\/product\/servicio-de-impresion-uv-textil-por-metro\/","url":"https:\/\/dtf.stampado.com\/product\/servicio-de-impresion-uv-textil-por-metro\/","name":"SERVICIO DE IMPRESI\u00d3N UV TEXTIL POR METRO - dtf.stampado.com","isPartOf":{"@id":"https:\/\/dtf.stampado.com\/#website"},"primaryImageOfPage":{"@id":"https:\/\/dtf.stampado.com\/product\/servicio-de-impresion-uv-textil-por-metro\/#primaryimage"},"image":{"@id":"https:\/\/dtf.stampado.com\/product\/servicio-de-impresion-uv-textil-por-metro\/#primaryimage"},"thumbnailUrl":"https:\/\/dtf.stampado.com\/wp-content\/uploads\/2026\/02\/ChatGPT-Image-27-feb-2026-11_33_12-p.m.png","datePublished":"2026-02-28T04:11:48+00:00","dateModified":"2026-02-28T06:10:23+00:00","breadcrumb":{"@id":"https:\/\/dtf.stampado.com\/product\/servicio-de-impresion-uv-textil-por-metro\/#breadcrumb"},"inLanguage":"en-US","potentialAction":[{"@type":"ReadAction","target":["https:\/\/dtf.stampado.com\/product\/servicio-de-impresion-uv-textil-por-metro\/"]}]},{"@type":"ImageObject","inLanguage":"en-US","@id":"https:\/\/dtf.stampado.com\/product\/servicio-de-impresion-uv-textil-por-metro\/#primaryimage","url":"https:\/\/dtf.stampado.com\/wp-content\/uploads\/2026\/02\/ChatGPT-Image-27-feb-2026-11_33_12-p.m.png","contentUrl":"https:\/\/dtf.stampado.com\/wp-content\/uploads\/2026\/02\/ChatGPT-Image-27-feb-2026-11_33_12-p.m.png","width":1024,"height":1024},{"@type":"BreadcrumbList","@id":"https:\/\/dtf.stampado.com\/product\/servicio-de-impresion-uv-textil-por-metro\/#breadcrumb","itemListElement":[{"@type":"ListItem","position":1,"name":"Inicio","item":"https:\/\/dtf.stampado.com\/"},{"@type":"ListItem","position":2,"name":"Tienda","item":"https:\/\/dtf.stampado.com\/tienda\/"},{"@type":"ListItem","position":3,"name":"SERVICIO DE IMPRESI\u00d3N UV TEXTIL POR METRO"}]},{"@type":"WebSite","@id":"https:\/\/dtf.stampado.com\/#website","url":"https:\/\/dtf.stampado.com\/","name":"Stampado DTF","description":"Impresi\u00f3n DTF Ultra HD en Argentina","publisher":{"@id":"https:\/\/dtf.stampado.com\/#organization"},"potentialAction":[{"@type":"SearchAction","target":{"@type":"EntryPoint","urlTemplate":"https:\/\/dtf.stampado.com\/?s={search_term_string}"},"query-input":{"@type":"PropertyValueSpecification","valueRequired":true,"valueName":"search_term_string"}}],"inLanguage":"en-US"},{"@type":"Organization","@id":"https:\/\/dtf.stampado.com\/#organization","name":"Stampado DTF","url":"https:\/\/dtf.stampado.com\/","logo":{"@type":"ImageObject","inLanguage":"en-US","@id":"https:\/\/dtf.stampado.com\/#\/schema\/logo\/image\/","url":"https:\/\/dtf.stampado.com\/wp-content\/uploads\/2026\/02\/stampado-DTF-background-scaled.jpg","contentUrl":"https:\/\/dtf.stampado.com\/wp-content\/uploads\/2026\/02\/stampado-DTF-background-scaled.jpg","width":2560,"height":2560,"caption":"Stampado DTF"},"image":{"@id":"https:\/\/dtf.stampado.com\/#\/schema\/logo\/image\/"},"sameAs":["https:\/\/facebook.com\/stampadodtf","https:\/\/x.com\/stampadodtf"]}]}},"uagb_featured_image_src":{"full":["https:\/\/dtf.stampado.com\/wp-content\/uploads\/2026\/02\/ChatGPT-Image-27-feb-2026-11_33_12-p.m.png",1024,1024,false],"thumbnail":["https:\/\/dtf.stampado.com\/wp-content\/uploads\/2026\/02\/ChatGPT-Image-27-feb-2026-11_33_12-p.m-150x150.png",150,150,true],"medium":["https:\/\/dtf.stampado.com\/wp-content\/uploads\/2026\/02\/ChatGPT-Image-27-feb-2026-11_33_12-p.m-300x300.png",300,300,true],"medium_large":["https:\/\/dtf.stampado.com\/wp-content\/uploads\/2026\/02\/ChatGPT-Image-27-feb-2026-11_33_12-p.m-768x768.png",768,768,true],"large":["https:\/\/dtf.stampado.com\/wp-content\/uploads\/2026\/02\/ChatGPT-Image-27-feb-2026-11_33_12-p.m.png",1024,1024,false],"1536x1536":["https:\/\/dtf.stampado.com\/wp-content\/uploads\/2026\/02\/ChatGPT-Image-27-feb-2026-11_33_12-p.m.png",1024,1024,false],"2048x2048":["https:\/\/dtf.stampado.com\/wp-content\/uploads\/2026\/02\/ChatGPT-Image-27-feb-2026-11_33_12-p.m.png",1024,1024,false],"trp-custom-language-flag":["https:\/\/dtf.stampado.com\/wp-content\/uploads\/2026\/02\/ChatGPT-Image-27-feb-2026-11_33_12-p.m.png",12,12,false],"woocommerce_thumbnail":["https:\/\/dtf.stampado.com\/wp-content\/uploads\/2026\/02\/ChatGPT-Image-27-feb-2026-11_33_12-p.m-300x300.png",300,300,true],"woocommerce_single":["https:\/\/dtf.stampado.com\/wp-content\/uploads\/2026\/02\/ChatGPT-Image-27-feb-2026-11_33_12-p.m-600x600.png",600,600,true],"woocommerce_gallery_thumbnail":["https:\/\/dtf.stampado.com\/wp-content\/uploads\/2026\/02\/ChatGPT-Image-27-feb-2026-11_33_12-p.m-150x150.png",150,150,true],"yith-woocompare-image":["https:\/\/dtf.stampado.com\/wp-content\/uploads\/2026\/02\/ChatGPT-Image-27-feb-2026-11_33_12-p.m-220x154.png",220,154,true]},"uagb_author_info":{"display_name":"estampify@gmail.com","author_link":"https:\/\/dtf.stampado.com\/en\/author\/"},"uagb_comment_info":0,"uagb_excerpt":"He impreso una gran cantidad de dise\u00f1os para estampar con CALIDAD PREMIUM. Perfecto para logotipos, tama\u00f1os, ilustraciones y fotograf\u00edas en alta resoluci\u00f3n. Puedes usarlo en una variedad de telas y colores. PRECIO POR METRO LINEAL Dimensiones de la impresi\u00f3n: 58 cm x 100 cm Si requieres m\u00e1s de un metro, elige la cantidad que necesites&hellip;","_links":{"self":[{"href":"https:\/\/dtf.stampado.com\/en\/wp-json\/wp\/v2\/product\/13090","targetHints":{"allow":["GET"]}}],"collection":[{"href":"https:\/\/dtf.stampado.com\/en\/wp-json\/wp\/v2\/product"}],"about":[{"href":"https:\/\/dtf.stampado.com\/en\/wp-json\/wp\/v2\/types\/product"}],"replies":[{"embeddable":true,"href":"https:\/\/dtf.stampado.com\/en\/wp-json\/wp\/v2\/comments?post=13090"}],"wp:featuredmedia":[{"embeddable":true,"href":"https:\/\/dtf.stampado.com\/en\/wp-json\/wp\/v2\/media\/13088"}],"wp:attachment":[{"href":"https:\/\/dtf.stampado.com\/en\/wp-json\/wp\/v2\/media?parent=13090"}],"wp:term":[{"taxonomy":"product_brand","embeddable":true,"href":"https:\/\/dtf.stampado.com\/en\/wp-json\/wp\/v2\/product_brand?post=13090"},{"taxonomy":"product_cat","embeddable":true,"href":"https:\/\/dtf.stampado.com\/en\/wp-json\/wp\/v2\/product_cat?post=13090"},{"taxonomy":"product_tag","embeddable":true,"href":"https:\/\/dtf.stampado.com\/en\/wp-json\/wp\/v2\/product_tag?post=13090"}],"curies":[{"name":"wp","href":"https:\/\/api.w.org\/{rel}","templated":true}]}}